{"id":319,"date":"2021-08-01T09:03:19","date_gmt":"2021-08-01T09:03:19","guid":{"rendered":"https:\/\/demoapus-wp.com\/oworganic\/?page_id=319"},"modified":"2026-02-28T15:22:22","modified_gmt":"2026-02-28T07:22:22","slug":"home","status":"publish","type":"page","link":"https:\/\/www.cnydvs.com\/es\/","title":{"rendered":"Inicio"},"content":{"rendered":"<div data-elementor-type=\"wp-page\" data-elementor-id=\"319\" class=\"elementor elementor-319\" data-elementor-settings=\"{&quot;element_pack_global_tooltip_width&quot;:{&quot;unit&quot;:&quot;px&quot;,&quot;size&quot;:&quot;&quot;,&quot;sizes&quot;:[]},&quot;element_pack_global_tooltip_width_tablet&quot;:{&quot;unit&quot;:&quot;px&quot;,&quot;size&quot;:&quot;&quot;,&quot;sizes&quot;:[]},&quot;element_pack_global_tooltip_width_mobile&quot;:{&quot;unit&quot;:&quot;px&quot;,&quot;size&quot;:&quot;&quot;,&quot;sizes&quot;:[]},&quot;element_pack_global_tooltip_padding&quot;:{&quot;unit&quot;:&quot;px&quot;,&quot;top&quot;:&quot;&quot;,&quot;right&quot;:&quot;&quot;,&quot;bottom&quot;:&quot;&quot;,&quot;left&quot;:&quot;&quot;,&quot;isLinked&quot;:true},&quot;element_pack_global_tooltip_padding_tablet&quot;:{&quot;unit&quot;:&quot;px&quot;,&quot;top&quot;:&quot;&quot;,&quot;right&quot;:&quot;&quot;,&quot;bottom&quot;:&quot;&quot;,&quot;left&quot;:&quot;&quot;,&quot;isLinked&quot;:true},&quot;element_pack_global_tooltip_padding_mobile&quot;:{&quot;unit&quot;:&quot;px&quot;,&quot;top&quot;:&quot;&quot;,&quot;right&quot;:&quot;&quot;,&quot;bottom&quot;:&quot;&quot;,&quot;left&quot;:&quot;&quot;,&quot;isLinked&quot;:true},&quot;element_pack_global_tooltip_border_radius&quot;:{&quot;unit&quot;:&quot;px&quot;,&quot;top&quot;:&quot;&quot;,&quot;right&quot;:&quot;&quot;,&quot;bottom&quot;:&quot;&quot;,&quot;left&quot;:&quot;&quot;,&quot;isLinked&quot;:true},&quot;element_pack_global_tooltip_border_radius_tablet&quot;:{&quot;unit&quot;:&quot;px&quot;,&quot;top&quot;:&quot;&quot;,&quot;right&quot;:&quot;&quot;,&quot;bottom&quot;:&quot;&quot;,&quot;left&quot;:&quot;&quot;,&quot;isLinked&quot;:true},&quot;element_pack_global_tooltip_border_radius_mobile&quot;:{&quot;unit&quot;:&quot;px&quot;,&quot;top&quot;:&quot;&quot;,&quot;right&quot;:&quot;&quot;,&quot;bottom&quot;:&quot;&quot;,&quot;left&quot;:&quot;&quot;,&quot;isLinked&quot;:true}}\" data-elementor-post-type=\"page\">\n\t\t\t\t\t\t<section class=\"elementor-section elementor-top-section elementor-element elementor-element-bfba7ee elementor-section-stretched elementor-section-boxed elementor-section-height-default elementor-section-height-default\" data-id=\"bfba7ee\" data-element_type=\"section\" data-e-type=\"section\" data-settings=\"{&quot;stretch_section&quot;:&quot;section-stretched&quot;}\">\n\t\t\t\t\t\t<div class=\"elementor-container elementor-column-gap-no\">\n\t\t\t\t\t<div class=\"elementor-column elementor-col-100 elementor-top-column elementor-element elementor-element-6a7a055\" data-id=\"6a7a055\" data-element_type=\"column\" data-e-type=\"column\">\n\t\t\t<div class=\"elementor-widget-wrap elementor-element-populated\">\n\t\t\t\t\t\t\t<\/div>\n\t\t<\/div>\n\t\t\t\t\t<\/div>\n\t\t<\/section>\n\t\t\t\t<section class=\"elementor-section elementor-top-section elementor-element elementor-element-2667f20 elementor-section-stretched elementor-section-boxed elementor-section-height-default elementor-section-height-default\" data-id=\"2667f20\" data-element_type=\"section\" data-e-type=\"section\" data-settings=\"{&quot;stretch_section&quot;:&quot;section-stretched&quot;}\">\n\t\t\t\t\t\t<div class=\"elementor-container elementor-column-gap-extended\">\n\t\t\t\t\t<div class=\"elementor-column elementor-col-50 elementor-top-column elementor-element elementor-element-46b0ed8\" data-id=\"46b0ed8\" data-element_type=\"column\" data-e-type=\"column\">\n\t\t\t<div class=\"elementor-widget-wrap elementor-element-populated\">\n\t\t\t\t\t\t<div class=\"elementor-element elementor-element-7b4ffea elementor-invisible elementor-widget elementor-widget-image\" data-id=\"7b4ffea\" data-element_type=\"widget\" data-e-type=\"widget\" data-settings=\"{&quot;_animation&quot;:&quot;fadeInUp&quot;}\" data-widget_type=\"image.default\">\n\t\t\t\t\t\t\t\t\t\t\t\t\t\t\t<img fetchpriority=\"high\" decoding=\"async\" width=\"540\" height=\"764\" src=\"https:\/\/www.cnydvs.com\/wp-content\/uploads\/2026\/02\/home-tm1.jpg\" class=\"attachment-full size-full wp-image-2894\" alt=\"\" srcset=\"https:\/\/www.cnydvs.com\/wp-content\/uploads\/2026\/02\/home-tm1.jpg 540w, https:\/\/www.cnydvs.com\/wp-content\/uploads\/2026\/02\/home-tm1-212x300.jpg 212w, https:\/\/www.cnydvs.com\/wp-content\/uploads\/2026\/02\/home-tm1-8x12.jpg 8w\" sizes=\"(max-width: 540px) 100vw, 540px\" \/>\t\t\t\t\t\t\t\t\t\t\t\t\t\t\t<\/div>\n\t\t\t\t<div class=\"elementor-element elementor-element-71f5444 elementor-invisible elementor-widget elementor-widget-text-editor\" data-id=\"71f5444\" data-element_type=\"widget\" data-e-type=\"widget\" data-settings=\"{&quot;_animation&quot;:&quot;fadeInUp&quot;}\" data-widget_type=\"text-editor.default\">\n\t\t\t\t\t\t\t\t\t<p>No producimos agua.<\/p>\t\t\t\t\t\t\t\t<\/div>\n\t\t\t\t<div class=\"elementor-element elementor-element-b446d99 elementor-invisible elementor-widget elementor-widget-heading\" data-id=\"b446d99\" data-element_type=\"widget\" data-e-type=\"widget\" data-settings=\"{&quot;_animation&quot;:&quot;fadeInUp&quot;}\" data-widget_type=\"heading.default\">\n\t\t\t\t\t<h2 class=\"elementor-heading-title elementor-size-default\">S\u00f3lo somos los guardianes de la monta\u00f1a Changbai.<\/h2>\t\t\t\t<\/div>\n\t\t\t\t\t<\/div>\n\t\t<\/div>\n\t\t\t\t<div class=\"elementor-column elementor-col-50 elementor-top-column elementor-element elementor-element-b4d9f0a\" data-id=\"b4d9f0a\" data-element_type=\"column\" data-e-type=\"column\">\n\t\t\t<div class=\"elementor-widget-wrap elementor-element-populated\">\n\t\t\t\t\t\t<div class=\"elementor-element elementor-element-de6b5d2 elementor-invisible elementor-widget elementor-widget-text-editor\" data-id=\"de6b5d2\" data-element_type=\"widget\" data-e-type=\"widget\" data-settings=\"{&quot;_animation&quot;:&quot;fadeInUp&quot;}\" data-widget_type=\"text-editor.default\">\n\t\t\t\t\t\t\t\t\tLa veta de la fuente celestial Agua Mineral Natural de Changbaishan\t\t\t\t\t\t\t\t<\/div>\n\t\t\t\t<div class=\"elementor-element elementor-element-6085e9f elementor-invisible elementor-widget elementor-widget-heading\" data-id=\"6085e9f\" data-element_type=\"widget\" data-e-type=\"widget\" data-settings=\"{&quot;_animation&quot;:&quot;fadeInUp&quot;}\" data-widget_type=\"heading.default\">\n\t\t\t\t\t<h2 class=\"elementor-heading-title elementor-size-default\">Nacidos para cuidar, nacidos para nutrir.<\/h2>\t\t\t\t<\/div>\n\t\t\t\t<div class=\"elementor-element elementor-element-52039ce elementor-invisible elementor-widget elementor-widget-image\" data-id=\"52039ce\" data-element_type=\"widget\" data-e-type=\"widget\" data-settings=\"{&quot;_animation&quot;:&quot;fadeInUp&quot;}\" data-widget_type=\"image.default\">\n\t\t\t\t\t\t\t\t\t\t\t\t\t\t\t<img decoding=\"async\" width=\"620\" height=\"776\" src=\"https:\/\/www.cnydvs.com\/wp-content\/uploads\/2026\/02\/home-tm2.jpg\" class=\"attachment-full size-full wp-image-2896\" alt=\"\" srcset=\"https:\/\/www.cnydvs.com\/wp-content\/uploads\/2026\/02\/home-tm2.jpg 620w, https:\/\/www.cnydvs.com\/wp-content\/uploads\/2026\/02\/home-tm2-240x300.jpg 240w, https:\/\/www.cnydvs.com\/wp-content\/uploads\/2026\/02\/home-tm2-10x12.jpg 10w\" sizes=\"(max-width: 620px) 100vw, 620px\" \/>\t\t\t\t\t\t\t\t\t\t\t\t\t\t\t<\/div>\n\t\t\t\t\t<\/div>\n\t\t<\/div>\n\t\t\t\t\t<\/div>\n\t\t<\/section>\n\t\t<div class=\"elementor-element elementor-element-85ebd81 e-flex e-con-boxed e-con e-parent\" data-id=\"85ebd81\" data-element_type=\"container\" data-e-type=\"container\">\n\t\t\t\t\t<div class=\"e-con-inner\">\n\t\t\t\t<div class=\"elementor-element elementor-element-a3ed10a elementor-align-center btn-theme-overlay st-second elementor-widget elementor-widget-button\" data-id=\"a3ed10a\" data-element_type=\"widget\" data-e-type=\"widget\" data-widget_type=\"button.default\">\n\t\t\t\t\t\t\t\t\t\t<a class=\"elementor-button elementor-button-link elementor-size-sm\" href=\"https:\/\/www.cnydvs.com\/es\/agua-mineral-natural\/\">\n\t\t\t\t\t\t<span class=\"elementor-button-content-wrapper\">\n\t\t\t\t\t\t\t\t\t<span class=\"elementor-button-text\">M\u00e1s informaci\u00f3n<\/span>\n\t\t\t\t\t<\/span>\n\t\t\t\t\t<\/a>\n\t\t\t\t\t\t\t\t<\/div>\n\t\t\t\t\t<\/div>\n\t\t\t\t<\/div>\n\t\t\t\t<section class=\"elementor-section elementor-top-section elementor-element elementor-element-4817abb elementor-section-content-middle elementor-section-stretched elementor-section-boxed elementor-section-height-default elementor-section-height-default\" data-id=\"4817abb\" data-element_type=\"section\" data-e-type=\"section\" data-settings=\"{&quot;stretch_section&quot;:&quot;section-stretched&quot;,&quot;background_background&quot;:&quot;classic&quot;}\">\n\t\t\t\t\t\t<div class=\"elementor-container elementor-column-gap-extended\">\n\t\t\t\t\t<div class=\"elementor-column elementor-col-50 elementor-top-column elementor-element elementor-element-9e9a189\" data-id=\"9e9a189\" data-element_type=\"column\" data-e-type=\"column\">\n\t\t\t<div class=\"elementor-widget-wrap elementor-element-populated\">\n\t\t\t\t\t\t<div class=\"elementor-element elementor-element-459a522 elementor-widget elementor-widget-image\" data-id=\"459a522\" data-element_type=\"widget\" data-e-type=\"widget\" data-widget_type=\"image.default\">\n\t\t\t\t\t\t\t\t\t\t\t\t\t\t\t<img decoding=\"async\" width=\"960\" height=\"960\" src=\"https:\/\/www.cnydvs.com\/wp-content\/uploads\/2026\/02\/sd1-1.jpg\" class=\"attachment-full size-full wp-image-2932\" alt=\"\" srcset=\"https:\/\/www.cnydvs.com\/wp-content\/uploads\/2026\/02\/sd1-1.jpg 960w, https:\/\/www.cnydvs.com\/wp-content\/uploads\/2026\/02\/sd1-1-300x300.jpg 300w, https:\/\/www.cnydvs.com\/wp-content\/uploads\/2026\/02\/sd1-1-150x150.jpg 150w, https:\/\/www.cnydvs.com\/wp-content\/uploads\/2026\/02\/sd1-1-768x768.jpg 768w, https:\/\/www.cnydvs.com\/wp-content\/uploads\/2026\/02\/sd1-1-12x12.jpg 12w, https:\/\/www.cnydvs.com\/wp-content\/uploads\/2026\/02\/sd1-1-850x850.jpg 850w, https:\/\/www.cnydvs.com\/wp-content\/uploads\/2026\/02\/sd1-1-410x410.jpg 410w\" sizes=\"(max-width: 960px) 100vw, 960px\" \/>\t\t\t\t\t\t\t\t\t\t\t\t\t\t\t<\/div>\n\t\t\t\t\t<\/div>\n\t\t<\/div>\n\t\t\t\t<div class=\"elementor-column elementor-col-50 elementor-top-column elementor-element elementor-element-73b6b45\" data-id=\"73b6b45\" data-element_type=\"column\" data-e-type=\"column\">\n\t\t\t<div class=\"elementor-widget-wrap elementor-element-populated\">\n\t\t\t\t\t\t<div class=\"elementor-element elementor-element-89ffe75 elementor-widget__width-auto elementor-widget elementor-widget-text-editor\" data-id=\"89ffe75\" data-element_type=\"widget\" data-e-type=\"widget\" data-widget_type=\"text-editor.default\">\n\t\t\t\t\t\t\t\t\tVolc\u00e1n Yuanzhou, isla volc\u00e1nica de la dinast\u00eda Yuan (1279-1368)\t\t\t\t\t\t\t\t<\/div>\n\t\t\t\t<div class=\"elementor-element elementor-element-d311af7 elementor-widget elementor-widget-heading\" data-id=\"d311af7\" data-element_type=\"widget\" data-e-type=\"widget\" data-widget_type=\"heading.default\">\n\t\t\t\t\t<h2 class=\"elementor-heading-title elementor-size-default\">Soda natural<\/h2>\t\t\t\t<\/div>\n\t\t\t\t<div class=\"elementor-element elementor-element-8c83598 elementor-widget__width-initial elementor-widget elementor-widget-text-editor\" data-id=\"8c83598\" data-element_type=\"widget\" data-e-type=\"widget\" data-widget_type=\"text-editor.default\">\n\t\t\t\t\t\t\t\t\t<p>Fuente de agua se encuentra en uno de los tres principales manantiales de agua fr\u00eda del mundo, el agua de oro 47 \u00b0 de latitud norte, dos Keshan un Wudalianchi un cintur\u00f3n volc\u00e1nico Kolo rara temperatura constante manantiales de agua fr\u00eda, la temperatura del agua perenne 2-5 \u2103 10.000 a\u00f1os de edad, la calidad del agua es superior, la entrada es suave como la seda y suave.<\/p>\t\t\t\t\t\t\t\t<\/div>\n\t\t\t\t<div class=\"elementor-element elementor-element-d18063a elementor-align-center btn-theme-overlay st-second elementor-widget elementor-widget-button\" data-id=\"d18063a\" data-element_type=\"widget\" data-e-type=\"widget\" data-widget_type=\"button.default\">\n\t\t\t\t\t\t\t\t\t\t<a class=\"elementor-button elementor-button-link elementor-size-sm\" href=\"https:\/\/www.cnydvs.com\/es\/agua-con-gas-2\/\">\n\t\t\t\t\t\t<span class=\"elementor-button-content-wrapper\">\n\t\t\t\t\t\t\t\t\t<span class=\"elementor-button-text\">M\u00e1s informaci\u00f3n<\/span>\n\t\t\t\t\t<\/span>\n\t\t\t\t\t<\/a>\n\t\t\t\t\t\t\t\t<\/div>\n\t\t\t\t\t<\/div>\n\t\t<\/div>\n\t\t\t\t\t<\/div>\n\t\t<\/section>\n\t\t\t\t<section class=\"elementor-section elementor-top-section elementor-element elementor-element-c88732c elementor-section-content-middle elementor-section-stretched elementor-section-boxed elementor-section-height-default elementor-section-height-default\" data-id=\"c88732c\" data-element_type=\"section\" data-e-type=\"section\" data-settings=\"{&quot;stretch_section&quot;:&quot;section-stretched&quot;,&quot;background_background&quot;:&quot;classic&quot;}\">\n\t\t\t\t\t\t<div class=\"elementor-container elementor-column-gap-extended\">\n\t\t\t\t\t<div class=\"elementor-column elementor-col-50 elementor-top-column elementor-element elementor-element-f66bf59\" data-id=\"f66bf59\" data-element_type=\"column\" data-e-type=\"column\">\n\t\t\t<div class=\"elementor-widget-wrap elementor-element-populated\">\n\t\t\t\t\t\t<div class=\"elementor-element elementor-element-f261d67 elementor-widget__width-auto elementor-widget elementor-widget-text-editor\" data-id=\"f261d67\" data-element_type=\"widget\" data-e-type=\"widget\" data-widget_type=\"text-editor.default\">\n\t\t\t\t\t\t\t\t\tVolc\u00e1n Yuanzhou, isla volc\u00e1nica de la dinast\u00eda Yuan (1279-1368)\t\t\t\t\t\t\t\t<\/div>\n\t\t\t\t<div class=\"elementor-element elementor-element-fadb73f elementor-widget elementor-widget-heading\" data-id=\"fadb73f\" data-element_type=\"widget\" data-e-type=\"widget\" data-widget_type=\"heading.default\">\n\t\t\t\t\t<h2 class=\"elementor-heading-title elementor-size-default\">remojo de gas natural<\/h2>\t\t\t\t<\/div>\n\t\t\t\t<div class=\"elementor-element elementor-element-d5ea0c9 elementor-widget__width-initial elementor-widget elementor-widget-text-editor\" data-id=\"d5ea0c9\" data-element_type=\"widget\" data-e-type=\"widget\" data-widget_type=\"text-editor.default\">\n\t\t\t\t\t\t\t\t\t<p>Fuente de agua del Geoparque Mundial - Wudalianchi Sur Beber primavera erupci\u00f3n volc\u00e1nica formada por la auto-surgencia de manantiales minerales fr\u00edos, la temperatura del agua durante todo el a\u00f1o de 2-4 \u2103 La escasez mundial de aire natural que contiene agua mineral fr\u00eda, en consonancia con la norma nacional GB 8537.<\/p>\t\t\t\t\t\t\t\t<\/div>\n\t\t\t\t<div class=\"elementor-element elementor-element-b3f9a3a btn-theme-overlay st-second elementor-widget elementor-widget-button\" data-id=\"b3f9a3a\" data-element_type=\"widget\" data-e-type=\"widget\" data-widget_type=\"button.default\">\n\t\t\t\t\t\t\t\t\t\t<a class=\"elementor-button elementor-button-link elementor-size-sm\" href=\"https:\/\/www.cnydvs.com\/es\/agua-con-gas\/\">\n\t\t\t\t\t\t<span class=\"elementor-button-content-wrapper\">\n\t\t\t\t\t\t\t\t\t<span class=\"elementor-button-text\">M\u00e1s informaci\u00f3n<\/span>\n\t\t\t\t\t<\/span>\n\t\t\t\t\t<\/a>\n\t\t\t\t\t\t\t\t<\/div>\n\t\t\t\t\t<\/div>\n\t\t<\/div>\n\t\t\t\t<div class=\"elementor-column elementor-col-50 elementor-top-column elementor-element elementor-element-9562907\" data-id=\"9562907\" data-element_type=\"column\" data-e-type=\"column\">\n\t\t\t<div class=\"elementor-widget-wrap elementor-element-populated\">\n\t\t\t\t\t\t<div class=\"elementor-element elementor-element-7ad2a2b elementor-widget elementor-widget-image\" data-id=\"7ad2a2b\" data-element_type=\"widget\" data-e-type=\"widget\" data-widget_type=\"image.default\">\n\t\t\t\t\t\t\t\t\t\t\t\t\t\t\t<img loading=\"lazy\" decoding=\"async\" width=\"960\" height=\"959\" src=\"https:\/\/www.cnydvs.com\/wp-content\/uploads\/2026\/02\/qp1.jpg\" class=\"attachment-full size-full wp-image-2934\" alt=\"\" srcset=\"https:\/\/www.cnydvs.com\/wp-content\/uploads\/2026\/02\/qp1.jpg 960w, https:\/\/www.cnydvs.com\/wp-content\/uploads\/2026\/02\/qp1-300x300.jpg 300w, https:\/\/www.cnydvs.com\/wp-content\/uploads\/2026\/02\/qp1-150x150.jpg 150w, https:\/\/www.cnydvs.com\/wp-content\/uploads\/2026\/02\/qp1-768x767.jpg 768w, https:\/\/www.cnydvs.com\/wp-content\/uploads\/2026\/02\/qp1-12x12.jpg 12w, https:\/\/www.cnydvs.com\/wp-content\/uploads\/2026\/02\/qp1-850x850.jpg 850w, https:\/\/www.cnydvs.com\/wp-content\/uploads\/2026\/02\/qp1-410x410.jpg 410w\" sizes=\"(max-width: 960px) 100vw, 960px\" \/>\t\t\t\t\t\t\t\t\t\t\t\t\t\t\t<\/div>\n\t\t\t\t\t<\/div>\n\t\t<\/div>\n\t\t\t\t\t<\/div>\n\t\t<\/section>\n\t\t\t\t<\/div>","protected":false},"excerpt":{"rendered":"<p>No producimos agua, s\u00f3lo somos los guardianes de la monta\u00f1a Changbaishan La veta del manantial celestial Agua mineral natural de Changbaishan Nacida para ser apreciada Nacida para ser alimentada M\u00e1s informaci\u00f3n Volc\u00e1n Yuanqi Tian ... <br \/><a href=\"https:\/\/www.cnydvs.com\/es\/\" class=\"more-link\">Seguir leyendo <span class=\"screen-reader-text\">Inicio<\/span><\/a><\/p>","protected":false},"author":1,"featured_media":0,"parent":0,"menu_order":0,"comment_status":"closed","ping_status":"closed","template":"","meta":{"footnotes":""},"class_list":["post-319","page","type-page","status-publish","hentry"],"_links":{"self":[{"href":"https:\/\/www.cnydvs.com\/es\/wp-json\/wp\/v2\/pages\/319","targetHints":{"allow":["GET"]}}],"collection":[{"href":"https:\/\/www.cnydvs.com\/es\/wp-json\/wp\/v2\/pages"}],"about":[{"href":"https:\/\/www.cnydvs.com\/es\/wp-json\/wp\/v2\/types\/page"}],"author":[{"embeddable":true,"href":"https:\/\/www.cnydvs.com\/es\/wp-json\/wp\/v2\/users\/1"}],"replies":[{"embeddable":true,"href":"https:\/\/www.cnydvs.com\/es\/wp-json\/wp\/v2\/comments?post=319"}],"version-history":[{"count":20,"href":"https:\/\/www.cnydvs.com\/es\/wp-json\/wp\/v2\/pages\/319\/revisions"}],"predecessor-version":[{"id":3736,"href":"https:\/\/www.cnydvs.com\/es\/wp-json\/wp\/v2\/pages\/319\/revisions\/3736"}],"wp:attachment":[{"href":"https:\/\/www.cnydvs.com\/es\/wp-json\/wp\/v2\/media?parent=319"}],"curies":[{"name":"wp","href":"https:\/\/api.w.org\/{rel}","templated":true}]}}